{"id":9119,"date":"2025-10-27T08:33:55","date_gmt":"2025-10-27T07:33:55","guid":{"rendered":"https:\/\/depannageelectromenagermarignane.com\/?page_id=9119"},"modified":"2025-10-27T10:16:11","modified_gmt":"2025-10-27T09:16:11","slug":"label-quali-repar-bonus-reparation","status":"publish","type":"page","link":"https:\/\/depannageelectromenagermarignane.com\/?page_id=9119","title":{"rendered":"Label Quali R\u00e9par Bonus R\u00e9paration"},"content":{"rendered":"\n<figure class=\"wp-block-gallery has-nested-images columns-default is-cropped wp-block-gallery-1 is-layout-flex wp-block-gallery-is-layout-flex\">\n<figure class=\"wp-block-image size-large\"><img loading=\"lazy\" decoding=\"async\" width=\"850\" height=\"180\" data-id=\"9125\" src=\"https:\/\/depannageelectromenagermarignane.com\/wp-content\/uploads\/2025\/10\/1672915926.png\" alt=\"\" class=\"wp-image-9125\" srcset=\"https:\/\/depannageelectromenagermarignane.com\/wp-content\/uploads\/2025\/10\/1672915926.png 850w, https:\/\/depannageelectromenagermarignane.com\/wp-content\/uploads\/2025\/10\/1672915926-300x64.png 300w, https:\/\/depannageelectromenagermarignane.com\/wp-content\/uploads\/2025\/10\/1672915926-768x163.png 768w\" sizes=\"auto, (max-width: 767px) 89vw, (max-width: 1000px) 54vw, (max-width: 1071px) 543px, 580px\" \/><\/figure>\n<\/figure>\n\n\n\n<p>C\u2019est officiel, nous avons obtenu le label QualiR\u00e9par !<br>Description du label :<br>Vous vous demandez peut-\u00eatre : Qu\u2019est-ce que le label QualiR\u00e9par ?<br>Il vient certifier notre savoir-faire pour diagnostiquer les pannes et r\u00e9parer<br>les produits concern\u00e9s.<br>Quels sont les avantages pour vous en tant que client ?<br>Gr\u00e2ce au label nous pouvons vous faire b\u00e9n\u00e9ficier du Bonus R\u00e9paration :<br>une r\u00e9duction imm\u00e9diate sur votre facture de r\u00e9paration pour les appareils<br>et pannes \u00e9ligibles et qui ne sont plus sous garantie.<br><\/p>\n\n\n\n<div data-wp-interactive=\"core\/file\" class=\"wp-block-file\"><object data-wp-bind--hidden=\"!state.hasPdfPreview\" hidden class=\"wp-block-file__embed\" data=\"https:\/\/depannageelectromenagermarignane.com\/wp-content\/uploads\/2025\/10\/LQR-guide-pratique-bonus-reparation-depliant-de-poche.2024-3.pdf\" type=\"application\/pdf\" style=\"width:100%;height:600px\" aria-label=\"Contenu embarqu\u00e9 LQR-guide-pratique-bonus-reparation-depliant-de-poche.2024 (3).\"><\/object><a id=\"wp-block-file--media-a0f4f345-64b3-4c08-9792-8113b8d03c55\" href=\"https:\/\/depannageelectromenagermarignane.com\/wp-content\/uploads\/2025\/10\/LQR-guide-pratique-bonus-reparation-depliant-de-poche.2024-3.pdf\">LQR-guide-pratique-bonus-reparation-depliant-de-poche.2024 (3)<\/a><a href=\"https:\/\/depannageelectromenagermarignane.com\/wp-content\/uploads\/2025\/10\/LQR-guide-pratique-bonus-reparation-depliant-de-poche.2024-3.pdf\" class=\"wp-block-file__button wp-element-button\" download aria-describedby=\"wp-block-file--media-a0f4f345-64b3-4c08-9792-8113b8d03c55\">T\u00e9l\u00e9charger<\/a><\/div>\n\n\n\n<p><br><\/p>\n","protected":false},"excerpt":{"rendered":"<p>C\u2019est officiel, nous avons obtenu le label QualiR\u00e9par !Description du label :Vous vous demandez peut-\u00eatre : Qu\u2019est-ce que le label QualiR\u00e9par ?Il vient certifier notre savoir-faire pour diagnostiquer les pannes et r\u00e9parerles produits concern\u00e9s.Quels sont les avantages pour vous en tant que client ?Gr\u00e2ce au label nous pouvons vous faire b\u00e9n\u00e9ficier du Bonus R\u00e9paration :une &hellip; <\/p>\n<p class=\"link-more\"><a href=\"https:\/\/depannageelectromenagermarignane.com\/?page_id=9119\" class=\"more-link\">Continuer la lecture<span class=\"screen-reader-text\"> de &laquo;&nbsp;Label Quali R\u00e9par Bonus R\u00e9paration&nbsp;&raquo;<\/span><\/a><\/p>\n","protected":false},"author":1,"featured_media":0,"parent":0,"menu_order":3,"comment_status":"closed","ping_status":"closed","template":"","meta":{"footnotes":""},"class_list":["post-9119","page","type-page","status-publish","hentry"],"_links":{"self":[{"href":"https:\/\/depannageelectromenagermarignane.com\/index.php?rest_route=\/wp\/v2\/pages\/9119","targetHints":{"allow":["GET"]}}],"collection":[{"href":"https:\/\/depannageelectromenagermarignane.com\/index.php?rest_route=\/wp\/v2\/pages"}],"about":[{"href":"https:\/\/depannageelectromenagermarignane.com\/index.php?rest_route=\/wp\/v2\/types\/page"}],"author":[{"embeddable":true,"href":"https:\/\/depannageelectromenagermarignane.com\/index.php?rest_route=\/wp\/v2\/users\/1"}],"replies":[{"embeddable":true,"href":"https:\/\/depannageelectromenagermarignane.com\/index.php?rest_route=%2Fwp%2Fv2%2Fcomments&post=9119"}],"version-history":[{"count":5,"href":"https:\/\/depannageelectromenagermarignane.com\/index.php?rest_route=\/wp\/v2\/pages\/9119\/revisions"}],"predecessor-version":[{"id":9131,"href":"https:\/\/depannageelectromenagermarignane.com\/index.php?rest_route=\/wp\/v2\/pages\/9119\/revisions\/9131"}],"wp:attachment":[{"href":"https:\/\/depannageelectromenagermarignane.com\/index.php?rest_route=%2Fwp%2Fv2%2Fmedia&parent=9119"}],"curies":[{"name":"wp","href":"https:\/\/api.w.org\/{rel}","templated":true}]}}