{"id":8782,"date":"2025-06-20T12:46:16","date_gmt":"2025-06-20T10:46:16","guid":{"rendered":"https:\/\/depannageelectromenagermarignane.com\/?page_id=8782"},"modified":"2025-06-20T13:29:48","modified_gmt":"2025-06-20T11:29:48","slug":"vente-de-pieces-detachees-neuve","status":"publish","type":"page","link":"https:\/\/depannageelectromenagermarignane.com\/?page_id=8782","title":{"rendered":"Vente de pi\u00e8ces d\u00e9tach\u00e9es neuves"},"content":{"rendered":"\n<p><a href=\"https:\/\/repairpartsteam.fr\/index?rpt=1b61a6b16c\">https:\/\/repairpartsteam.fr\/index?rpt=1b61a6b16c<\/a><\/p>\n","protected":false},"excerpt":{"rendered":"<p>https:\/\/repairpartsteam.fr\/index?rpt=1b61a6b16c<\/p>\n","protected":false},"author":1,"featured_media":0,"parent":0,"menu_order":0,"comment_status":"closed","ping_status":"closed","template":"","meta":{"footnotes":""},"class_list":["post-8782","page","type-page","status-publish","hentry"],"_links":{"self":[{"href":"https:\/\/depannageelectromenagermarignane.com\/index.php?rest_route=\/wp\/v2\/pages\/8782","targetHints":{"allow":["GET"]}}],"collection":[{"href":"https:\/\/depannageelectromenagermarignane.com\/index.php?rest_route=\/wp\/v2\/pages"}],"about":[{"href":"https:\/\/depannageelectromenagermarignane.com\/index.php?rest_route=\/wp\/v2\/types\/page"}],"author":[{"embeddable":true,"href":"https:\/\/depannageelectromenagermarignane.com\/index.php?rest_route=\/wp\/v2\/users\/1"}],"replies":[{"embeddable":true,"href":"https:\/\/depannageelectromenagermarignane.com\/index.php?rest_route=%2Fwp%2Fv2%2Fcomments&post=8782"}],"version-history":[{"count":2,"href":"https:\/\/depannageelectromenagermarignane.com\/index.php?rest_route=\/wp\/v2\/pages\/8782\/revisions"}],"predecessor-version":[{"id":8788,"href":"https:\/\/depannageelectromenagermarignane.com\/index.php?rest_route=\/wp\/v2\/pages\/8782\/revisions\/8788"}],"wp:attachment":[{"href":"https:\/\/depannageelectromenagermarignane.com\/index.php?rest_route=%2Fwp%2Fv2%2Fmedia&parent=8782"}],"curies":[{"name":"wp","href":"https:\/\/api.w.org\/{rel}","templated":true}]}}