{"id":62,"date":"2017-08-02T10:48:48","date_gmt":"2017-08-02T08:48:48","guid":{"rendered":"http:\/\/depannageelectromenagermarignane.com\/?page_id=62"},"modified":"2025-10-15T20:57:42","modified_gmt":"2025-10-15T18:57:42","slug":"depannage-electromenager-a-saint-victoret","status":"publish","type":"page","link":"https:\/\/depannageelectromenagermarignane.com\/?page_id=62","title":{"rendered":"D\u00e9pannage \u00e9lectrom\u00e9nager \u00e0 Saint Victoret"},"content":{"rendered":"<p style=\"text-align: center;\">Dani D\u00e9pannage Electrom\u00e9nager intervient \u00e9galement sur la communique de Saint Victoret.<\/p>\n<p style=\"text-align: center;\">Pour toutes demande d&rsquo;intervention ou question<\/p>\n<p style=\"text-align: center;\">n&rsquo;h\u00e9siter pas \u00e0 utiliser notre formulaire de contact<\/p>\n<p style=\"text-align: center;\">ou par t\u00e9l\u00e9phone au\u00a006 10 79 15 96.<\/p>\n<p style=\"text-align: center;\">Intervention \u00e0 domicile sous 24h a 48h<\/p>\n<p style=\"text-align: center;\"><a href=\"http:\/\/depannageelectromenagermarignane.com\/index.php\/le-secteur\/\"><em>Voir le secteur d&rsquo;intervention<\/em><\/a><\/p>\n","protected":false},"excerpt":{"rendered":"<p>Dani D\u00e9pannage Electrom\u00e9nager intervient \u00e9galement sur la communique de Saint Victoret. Pour toutes demande d&rsquo;intervention ou question n&rsquo;h\u00e9siter pas \u00e0 utiliser notre formulaire de contact ou par t\u00e9l\u00e9phone au\u00a006 10 79 15 96. Intervention \u00e0 domicile sous 24h a 48h Voir le secteur d&rsquo;intervention<\/p>\n","protected":false},"author":1,"featured_media":88,"parent":0,"menu_order":0,"comment_status":"closed","ping_status":"closed","template":"","meta":{"footnotes":""},"class_list":["post-62","page","type-page","status-publish","has-post-thumbnail","hentry"],"_links":{"self":[{"href":"https:\/\/depannageelectromenagermarignane.com\/index.php?rest_route=\/wp\/v2\/pages\/62","targetHints":{"allow":["GET"]}}],"collection":[{"href":"https:\/\/depannageelectromenagermarignane.com\/index.php?rest_route=\/wp\/v2\/pages"}],"about":[{"href":"https:\/\/depannageelectromenagermarignane.com\/index.php?rest_route=\/wp\/v2\/types\/page"}],"author":[{"embeddable":true,"href":"https:\/\/depannageelectromenagermarignane.com\/index.php?rest_route=\/wp\/v2\/users\/1"}],"replies":[{"embeddable":true,"href":"https:\/\/depannageelectromenagermarignane.com\/index.php?rest_route=%2Fwp%2Fv2%2Fcomments&post=62"}],"version-history":[{"count":3,"href":"https:\/\/depannageelectromenagermarignane.com\/index.php?rest_route=\/wp\/v2\/pages\/62\/revisions"}],"predecessor-version":[{"id":9040,"href":"https:\/\/depannageelectromenagermarignane.com\/index.php?rest_route=\/wp\/v2\/pages\/62\/revisions\/9040"}],"wp:featuredmedia":[{"embeddable":true,"href":"https:\/\/depannageelectromenagermarignane.com\/index.php?rest_route=\/wp\/v2\/media\/88"}],"wp:attachment":[{"href":"https:\/\/depannageelectromenagermarignane.com\/index.php?rest_route=%2Fwp%2Fv2%2Fmedia&parent=62"}],"curies":[{"name":"wp","href":"https:\/\/api.w.org\/{rel}","templated":true}]}}