{"id":60,"date":"2017-08-02T10:47:00","date_gmt":"2017-08-02T08:47:00","guid":{"rendered":"http:\/\/depannageelectromenagermarignane.com\/?page_id=60"},"modified":"2025-10-15T20:48:04","modified_gmt":"2025-10-15T18:48:04","slug":"le-secteur","status":"publish","type":"page","link":"https:\/\/depannageelectromenagermarignane.com\/?page_id=60","title":{"rendered":"Le secteur"},"content":{"rendered":"<h1 style=\"text-align: center;\">Secteur d&rsquo;intervention sur les Bouches-du-Rhones<\/h1>\n<p style=\"text-align: center;\">Dani D\u00e9pannage Electrom\u00e9nager sur Marignane mais \u00e9galement sur les villes \u00e0 proximit\u00e9 :<\/p>\n<p style=\"text-align: center;\">Aix les Milles<br \/>\nBerre l&rsquo;Etang<br \/>\nBiver<br \/>\nCabri\u00e8s \/ Calas<br \/>\nCarro<br \/>\nCarry le Rouet<br \/>\nCoudoux<br \/>\nEnsues la Redonne<br \/>\nGardanne<br \/>\nGignac<br \/>\nLa couronne<br \/>\nLa Fare Les Olivier<br \/>\nLe Rove<br \/>\nLes Pennes Mirabeau<br \/>\nRognac<br \/>\nSaint Victoret<br \/>\nSausset les pins<br \/>\nVelaux<br \/>\nVentabren<br \/>\nVitrolles<\/p>\n","protected":false},"excerpt":{"rendered":"<p>Secteur d&rsquo;intervention sur les Bouches-du-Rhones Dani D\u00e9pannage Electrom\u00e9nager sur Marignane mais \u00e9galement sur les villes \u00e0 proximit\u00e9 : Aix les Milles Berre l&rsquo;Etang Biver Cabri\u00e8s \/ Calas Carro Carry le Rouet Coudoux Ensues la Redonne Gardanne Gignac La couronne La Fare Les Olivier Le Rove Les Pennes Mirabeau Rognac Saint Victoret Sausset les pins Velaux &hellip; <\/p>\n<p class=\"link-more\"><a href=\"https:\/\/depannageelectromenagermarignane.com\/?page_id=60\" class=\"more-link\">Continuer la lecture<span class=\"screen-reader-text\"> de &laquo;&nbsp;Le secteur&nbsp;&raquo;<\/span><\/a><\/p>\n","protected":false},"author":1,"featured_media":91,"parent":0,"menu_order":0,"comment_status":"closed","ping_status":"closed","template":"","meta":{"footnotes":""},"class_list":["post-60","page","type-page","status-publish","has-post-thumbnail","hentry"],"_links":{"self":[{"href":"https:\/\/depannageelectromenagermarignane.com\/index.php?rest_route=\/wp\/v2\/pages\/60","targetHints":{"allow":["GET"]}}],"collection":[{"href":"https:\/\/depannageelectromenagermarignane.com\/index.php?rest_route=\/wp\/v2\/pages"}],"about":[{"href":"https:\/\/depannageelectromenagermarignane.com\/index.php?rest_route=\/wp\/v2\/types\/page"}],"author":[{"embeddable":true,"href":"https:\/\/depannageelectromenagermarignane.com\/index.php?rest_route=\/wp\/v2\/users\/1"}],"replies":[{"embeddable":true,"href":"https:\/\/depannageelectromenagermarignane.com\/index.php?rest_route=%2Fwp%2Fv2%2Fcomments&post=60"}],"version-history":[{"count":9,"href":"https:\/\/depannageelectromenagermarignane.com\/index.php?rest_route=\/wp\/v2\/pages\/60\/revisions"}],"predecessor-version":[{"id":9037,"href":"https:\/\/depannageelectromenagermarignane.com\/index.php?rest_route=\/wp\/v2\/pages\/60\/revisions\/9037"}],"wp:featuredmedia":[{"embeddable":true,"href":"https:\/\/depannageelectromenagermarignane.com\/index.php?rest_route=\/wp\/v2\/media\/91"}],"wp:attachment":[{"href":"https:\/\/depannageelectromenagermarignane.com\/index.php?rest_route=%2Fwp%2Fv2%2Fmedia&parent=60"}],"curies":[{"name":"wp","href":"https:\/\/api.w.org\/{rel}","templated":true}]}}