{"id":26,"date":"2017-08-01T17:31:34","date_gmt":"2017-08-01T15:31:34","guid":{"rendered":"http:\/\/depannageelectromenagermarignane.com\/?page_id=26"},"modified":"2025-10-29T22:49:13","modified_gmt":"2025-10-29T21:49:13","slug":"tarif","status":"publish","type":"page","link":"https:\/\/depannageelectromenagermarignane.com\/?page_id=26","title":{"rendered":"Tarifs"},"content":{"rendered":"<p>FORFAIT ATELIER :<\/p>\n<p>Forfait \u00e0 30\u20ac petit et gros \u00e9lectrom\u00e9nager<\/p>\n<p>Forfait Tv \u00e0 50\u20ac<\/p>\n<p>Main d&rsquo;oeuvre 20\u20ac<\/p>\n<p>FORFAIT A DOMICILE :<\/p>\n<p>Forfait d\u00e9placement 50\u20ac<\/p>\n<p>Main d&rsquo;oeuvre 20\u20ac<\/p>\n<p><em>* = zone 1<\/em><\/p>\n<p>Zone 1 : ( Marignane, Vitrolles, Rognac, Saint Victoret, Gignac la Nerthe ) \u00e0 50\u20ac<\/p>\n<p>Zone 2 : ( Ch\u00e2teauneuf les Martigues, Berre l&rsquo;\u00e9tang ) \u00e0 55\u20ac<\/p>\n<p>Zone 3 : ( Le Rove, Ensues la Redonne, Carry le Rouet, Sausset les pins, La Couronne, Carro, La M\u00e8de, La Fare les Oliviers, Coudoux, Velaux, Aix la Duranne, Calas, Cabri\u00e8s, Bouc Bel Air,\u00a0 Les Penne Mirabeau ) \u00e0 65\u20ac<\/p>\n<p>Contactez moi pour les tarif<\/p>\n<p>FORFAIT RECHARGE DE GAZ R600a<br \/>\nForfait \u00e0 140\u20ac<\/p>\n","protected":false},"excerpt":{"rendered":"<p>FORFAIT ATELIER : Forfait \u00e0 30\u20ac petit et gros \u00e9lectrom\u00e9nager Forfait Tv \u00e0 50\u20ac Main d&rsquo;oeuvre 20\u20ac FORFAIT A DOMICILE : Forfait d\u00e9placement 50\u20ac Main d&rsquo;oeuvre 20\u20ac * = zone 1 Zone 1 : ( Marignane, Vitrolles, Rognac, Saint Victoret, Gignac la Nerthe ) \u00e0 50\u20ac Zone 2 : ( Ch\u00e2teauneuf les Martigues, Berre l&rsquo;\u00e9tang &hellip; <\/p>\n<p class=\"link-more\"><a href=\"https:\/\/depannageelectromenagermarignane.com\/?page_id=26\" class=\"more-link\">Continuer la lecture<span class=\"screen-reader-text\"> de &laquo;&nbsp;Tarifs&nbsp;&raquo;<\/span><\/a><\/p>\n","protected":false},"author":1,"featured_media":88,"parent":0,"menu_order":0,"comment_status":"closed","ping_status":"closed","template":"","meta":{"footnotes":""},"class_list":["post-26","page","type-page","status-publish","has-post-thumbnail","hentry"],"_links":{"self":[{"href":"https:\/\/depannageelectromenagermarignane.com\/index.php?rest_route=\/wp\/v2\/pages\/26","targetHints":{"allow":["GET"]}}],"collection":[{"href":"https:\/\/depannageelectromenagermarignane.com\/index.php?rest_route=\/wp\/v2\/pages"}],"about":[{"href":"https:\/\/depannageelectromenagermarignane.com\/index.php?rest_route=\/wp\/v2\/types\/page"}],"author":[{"embeddable":true,"href":"https:\/\/depannageelectromenagermarignane.com\/index.php?rest_route=\/wp\/v2\/users\/1"}],"replies":[{"embeddable":true,"href":"https:\/\/depannageelectromenagermarignane.com\/index.php?rest_route=%2Fwp%2Fv2%2Fcomments&post=26"}],"version-history":[{"count":14,"href":"https:\/\/depannageelectromenagermarignane.com\/index.php?rest_route=\/wp\/v2\/pages\/26\/revisions"}],"predecessor-version":[{"id":9141,"href":"https:\/\/depannageelectromenagermarignane.com\/index.php?rest_route=\/wp\/v2\/pages\/26\/revisions\/9141"}],"wp:featuredmedia":[{"embeddable":true,"href":"https:\/\/depannageelectromenagermarignane.com\/index.php?rest_route=\/wp\/v2\/media\/88"}],"wp:attachment":[{"href":"https:\/\/depannageelectromenagermarignane.com\/index.php?rest_route=%2Fwp%2Fv2%2Fmedia&parent=26"}],"curies":[{"name":"wp","href":"https:\/\/api.w.org\/{rel}","templated":true}]}}