{"id":17,"date":"2017-08-01T17:16:49","date_gmt":"2017-08-01T15:16:49","guid":{"rendered":"http:\/\/depannageelectromenagermarignane.com\/?page_id=17"},"modified":"2017-08-22T16:09:46","modified_gmt":"2017-08-22T14:09:46","slug":"enlevement-electromenager","status":"publish","type":"page","link":"https:\/\/depannageelectromenagermarignane.com\/?page_id=17","title":{"rendered":"L&rsquo;Enl\u00e8vement"},"content":{"rendered":"<h1>Enl\u00e8vement d&rsquo;Electrom\u00e9nager<\/h1>\n<p>Dani D\u00e9pannage Electrom\u00e9nager r\u00e9cup\u00e8re votre ancien \u00e9lectrom\u00e9nager \u00e0 votre domicile.<\/p>\n<p>Ne jeter plus inutilement et pense au recyclage, je viens d\u00e9barrasser tous vos anciens \u00e9quipements sur Marignane et ses alentours dans un rayon de 20Km hors commune de Marseille.<\/p>\n<p><a href=\"http:\/\/depannageelectromenagermarignane.com\/?page_id=42\">Pour toutes demandes, n&rsquo;h\u00e9siter pas \u00e0 nous contacter depuis notre formulaire.<\/a><\/p>\n","protected":false},"excerpt":{"rendered":"<p>Enl\u00e8vement d&rsquo;Electrom\u00e9nager Dani D\u00e9pannage Electrom\u00e9nager r\u00e9cup\u00e8re votre ancien \u00e9lectrom\u00e9nager \u00e0 votre domicile. Ne jeter plus inutilement et pense au recyclage, je viens d\u00e9barrasser tous vos anciens \u00e9quipements sur Marignane et ses alentours dans un rayon de 20Km hors commune de Marseille. Pour toutes demandes, n&rsquo;h\u00e9siter pas \u00e0 nous contacter depuis notre formulaire.<\/p>\n","protected":false},"author":1,"featured_media":157,"parent":0,"menu_order":0,"comment_status":"closed","ping_status":"closed","template":"","meta":{"footnotes":""},"class_list":["post-17","page","type-page","status-publish","has-post-thumbnail","hentry"],"_links":{"self":[{"href":"https:\/\/depannageelectromenagermarignane.com\/index.php?rest_route=\/wp\/v2\/pages\/17","targetHints":{"allow":["GET"]}}],"collection":[{"href":"https:\/\/depannageelectromenagermarignane.com\/index.php?rest_route=\/wp\/v2\/pages"}],"about":[{"href":"https:\/\/depannageelectromenagermarignane.com\/index.php?rest_route=\/wp\/v2\/types\/page"}],"author":[{"embeddable":true,"href":"https:\/\/depannageelectromenagermarignane.com\/index.php?rest_route=\/wp\/v2\/users\/1"}],"replies":[{"embeddable":true,"href":"https:\/\/depannageelectromenagermarignane.com\/index.php?rest_route=%2Fwp%2Fv2%2Fcomments&post=17"}],"version-history":[{"count":6,"href":"https:\/\/depannageelectromenagermarignane.com\/index.php?rest_route=\/wp\/v2\/pages\/17\/revisions"}],"predecessor-version":[{"id":361,"href":"https:\/\/depannageelectromenagermarignane.com\/index.php?rest_route=\/wp\/v2\/pages\/17\/revisions\/361"}],"wp:featuredmedia":[{"embeddable":true,"href":"https:\/\/depannageelectromenagermarignane.com\/index.php?rest_route=\/wp\/v2\/media\/157"}],"wp:attachment":[{"href":"https:\/\/depannageelectromenagermarignane.com\/index.php?rest_route=%2Fwp%2Fv2%2Fmedia&parent=17"}],"curies":[{"name":"wp","href":"https:\/\/api.w.org\/{rel}","templated":true}]}}