{"id":12,"date":"2017-08-01T16:49:11","date_gmt":"2017-08-01T14:49:11","guid":{"rendered":"http:\/\/depannageelectromenagermarignane.com\/?page_id=12"},"modified":"2017-08-08T14:19:27","modified_gmt":"2017-08-08T12:19:27","slug":"reparation-electomenager","status":"publish","type":"page","link":"https:\/\/depannageelectromenagermarignane.com\/?page_id=12","title":{"rendered":"La R\u00e9paration"},"content":{"rendered":"<h1>La r\u00e9paration en Atelier<\/h1>\n<p><span style=\"font-size: 1rem;\">B\u00e9n\u00e9ficier d&rsquo;une tarification avantageuse \u00a0et d&rsquo;un service rapide dans notre atelier sur Marignane.<\/span><\/p>\n<p><a href=\"http:\/\/depannageelectromenagermarignane.com\/?page_id=73\">Consulter le plan de location, merci de nous contacter pour une prise de RDV.<\/a><\/p>\n<p><a href=\"http:\/\/depannageelectromenagermarignane.com\/?page_id=42\">Vous pouvez \u00e9galement nous contacter via notre formulaire pour toute question.<\/a><\/p>\n","protected":false},"excerpt":{"rendered":"<p>La r\u00e9paration en Atelier B\u00e9n\u00e9ficier d&rsquo;une tarification avantageuse \u00a0et d&rsquo;un service rapide dans notre atelier sur Marignane. Consulter le plan de location, merci de nous contacter pour une prise de RDV. Vous pouvez \u00e9galement nous contacter via notre formulaire pour toute question.<\/p>\n","protected":false},"author":1,"featured_media":95,"parent":0,"menu_order":0,"comment_status":"closed","ping_status":"closed","template":"","meta":{"footnotes":""},"class_list":["post-12","page","type-page","status-publish","has-post-thumbnail","hentry"],"_links":{"self":[{"href":"https:\/\/depannageelectromenagermarignane.com\/index.php?rest_route=\/wp\/v2\/pages\/12","targetHints":{"allow":["GET"]}}],"collection":[{"href":"https:\/\/depannageelectromenagermarignane.com\/index.php?rest_route=\/wp\/v2\/pages"}],"about":[{"href":"https:\/\/depannageelectromenagermarignane.com\/index.php?rest_route=\/wp\/v2\/types\/page"}],"author":[{"embeddable":true,"href":"https:\/\/depannageelectromenagermarignane.com\/index.php?rest_route=\/wp\/v2\/users\/1"}],"replies":[{"embeddable":true,"href":"https:\/\/depannageelectromenagermarignane.com\/index.php?rest_route=%2Fwp%2Fv2%2Fcomments&post=12"}],"version-history":[{"count":6,"href":"https:\/\/depannageelectromenagermarignane.com\/index.php?rest_route=\/wp\/v2\/pages\/12\/revisions"}],"predecessor-version":[{"id":168,"href":"https:\/\/depannageelectromenagermarignane.com\/index.php?rest_route=\/wp\/v2\/pages\/12\/revisions\/168"}],"wp:featuredmedia":[{"embeddable":true,"href":"https:\/\/depannageelectromenagermarignane.com\/index.php?rest_route=\/wp\/v2\/media\/95"}],"wp:attachment":[{"href":"https:\/\/depannageelectromenagermarignane.com\/index.php?rest_route=%2Fwp%2Fv2%2Fmedia&parent=12"}],"curies":[{"name":"wp","href":"https:\/\/api.w.org\/{rel}","templated":true}]}}